{"id":27313,"date":"2023-05-31T10:44:49","date_gmt":"2023-05-31T10:44:49","guid":{"rendered":"https:\/\/nuevaweb.tst-sistemas.com\/soluciones\/"},"modified":"2023-11-14T11:10:30","modified_gmt":"2023-11-14T11:10:30","slug":"solutions","status":"publish","type":"page","link":"https:\/\/tst-sistemas.com\/en\/solutions\/","title":{"rendered":"Solutions"},"content":{"rendered":"<section id=\"slider\" data-vc-full-width=\"true\" data-vc-full-width-init=\"false\" data-vc-stretch-content=\"true\" class=\"vc_row wpb_row vc_row-fluid  vc_custom_1685600930968 vc_row-has-fill pofo-stretch-content vc_row-no-padding vc_row-o-full-height vc_row-o-columns-bottom vc_row-o-content-bottom vc_row-flex\"><div class=\"wpb_column vc_column_container vc_col-has-fill vc_col-sm-12  col-xs-mobile-fullwidth text-left pofo-column-responsive-69f21ca4bb6f3\"><div class=\"vc_column-inner vc_custom_1686319681750\"><div class=\"wpb_wrapper\"><span class=\"text-extra-dark-gray margin-20px-bottom font-weight-600 titulo display-block alt-font  pofo_font_1686319809279 heading-style2  vc_custom_1686319809279  heading-1\"  style=\"font-size: 45px; line-height: 45px; color: #acacac;\" data-fontsize=\"45px\" data-lineheight=\"45px\">We help you find the solution you need<\/span><\/div><\/div><\/div><\/section><div class=\"vc_row-full-width vc_clearfix\"><\/div><section data-vc-full-width=\"true\" data-vc-full-width-init=\"false\" class=\"vc_row wpb_row vc_row-fluid  vc_custom_1686320103827 vc_row-has-fill vc_column-gap-35 pofo-stretch-content pofo-stretch-row-container vc_row-o-content-middle vc_row-flex pofo-row-responsive-69f21ca4bb7f4\" style=\"min-height: 100PX;\"><div class=\"wpb_column vc_column_container vc_col-sm-3  col-xs-mobile-fullwidth wow fadeInLeft text-right md-text-right sm-text-right xs-text-left\"><div class=\"vc_column-inner \"><div class=\"wpb_wrapper\"><span class=\"text-extra-dark-gray margin-20px-bottom font-weight-600 subtitulo display-inline-block alt-font heading-style2  vc_custom_1686246186088  heading-2\"  style=\"font-size: 34px; line-height: 35px; color: #acacac;\" data-fontsize=\"34px\" data-lineheight=\"35px\">We do<\/span><\/div><\/div><\/div><div class=\"wpb_column vc_column_container vc_col-has-fill vc_col-sm-3  col-xs-mobile-fullwidth wow fadeIn xs-text-left\"><div class=\"vc_column-inner vc_custom_1686320035902\"><div class=\"wpb_wrapper\"><span class=\"text-extra-dark-gray margin-20px-bottom font-weight-600 subtitulo display-block alt-font heading-style2  vc_custom_1686246200121  heading-3\"  style=\"font-size: 34px; line-height: 35PX; color: #acacac;\" data-fontsize=\"34px\" data-lineheight=\"35PX\">easy<\/span><span class=\"text-extra-dark-gray margin-20px-bottom font-weight-600 subtitulo display-block alt-font heading-style2  vc_custom_1686246212440  heading-4\"  style=\"font-size: 34px; line-height: 35PX; color: #eb5f2e;\" data-fontsize=\"34px\" data-lineheight=\"35PX\">compressible<\/span><span class=\"text-extra-dark-gray margin-20px-bottom font-weight-600 subtitulo display-block alt-font heading-style2  vc_custom_1686246222481  heading-5\"  style=\"font-size: 34px; line-height: 35PX; color: #acacac;\" data-fontsize=\"34px\" data-lineheight=\"35PX\">accessible<\/span><\/div><\/div><\/div><div class=\"wpb_column vc_column_container vc_col-sm-6  col-xs-mobile-fullwidth wow fadeInRight\"><div class=\"vc_column-inner \"><div class=\"wpb_wrapper\"><span class=\"text-extra-dark-gray margin-20px-bottom font-weight-600 subtitulo display-inline-block alt-font heading-style2  vc_custom_1686246233306  heading-6\"  style=\"font-size: 34px; line-height: 35PX; color: #acacac;\" data-fontsize=\"34px\" data-lineheight=\"35PX\">technological solutions<\/span><\/div><\/div><\/div><\/section><div class=\"vc_row-full-width vc_clearfix\"><\/div><section data-vc-full-width=\"true\" data-vc-full-width-init=\"false\" class=\"vc_row wpb_row vc_row-fluid  vc_custom_1686246330828 vc_row-has-fill vc_column-gap-35 pofo-stretch-content pofo-stretch-row-container vc_row-o-content-middle vc_row-flex\" style=\"min-height: 100PX;\"><div class=\"wpb_column vc_column_container vc_col-sm-12  col-xs-mobile-fullwidth wow fadeInUp text-center\"><div class=\"vc_column-inner \"><div class=\"wpb_wrapper\"><span class=\"text-extra-dark-gray margin-20px-bottom font-weight-600 subtitulo display-inline-block alt-font heading-style2  vc_custom_1686246246746  heading-7\"  style=\"font-size: 55px; line-height: 55PX; color: #eb5f2e;\" data-fontsize=\"55px\" data-lineheight=\"55PX\">WE WORK WITH YOU<\/span><\/div><\/div><\/div><\/section><div class=\"vc_row-full-width vc_clearfix\"><\/div><section data-vc-full-width=\"true\" data-vc-full-width-init=\"false\" class=\"vc_row wpb_row vc_row-fluid  vc_custom_1686497685747 vc_row-has-fill pofo-stretch-content pofo-stretch-row-container vc_row-o-content-middle vc_row-flex pofo-row-responsive-69f21ca4bb98b\" style=\"min-height: 100PX;\"><div class=\"wpb_column vc_column_container vc_col-sm-1  col-xs-mobile-fullwidth\"><div class=\"vc_column-inner \"><div class=\"wpb_wrapper\"><\/div><\/div><\/div><div class=\"wpb_column vc_column_container vc_col-has-fill vc_col-sm-5  col-xs-mobile-fullwidth wow fadeInLeft\"><div class=\"vc_column-inner vc_custom_1685599500992\"><div class=\"wpb_wrapper\">[vc_empty_space height=&#8221;20px&#8221;]<div class=\"subtitulo featurebox31 pofo-featurebox featurebox31-1\" ><div class=\"text-light-gray margin-10px-bottom sm-margin-5px-bottom alt-font\"><span class=\"text-deep-pink margin-15px-right pull-left text-large xs-display-block xs-margin-lr-auto xs-width-100\" style=\"color:#eb5f2e; font-size:28px; line-height:33px; \">01<\/span><span class=\"text-extra-dark-gray \" style=\"font-size: 28px; line-height: 35px; color: #acacac;\" data-fontsize=\"28px\" data-lineheight=\"35px\">Location<\/span><\/div><\/div>[vc_empty_space height=&#8221;20px&#8221;]<div class=\"subtitulo featurebox31 pofo-featurebox featurebox31-2\" ><div class=\"text-light-gray margin-10px-bottom sm-margin-5px-bottom alt-font\"><span class=\"text-deep-pink margin-15px-right pull-left text-large xs-display-block xs-margin-lr-auto xs-width-100\" style=\"color:#eb5f2e; font-size:28px; line-height:33px; \">02<\/span><span class=\"text-extra-dark-gray \" style=\"font-size: 28px; line-height: 35px; color: #acacac;\" data-fontsize=\"28px\" data-lineheight=\"35px\">Predictive maintenance<\/span><\/div><\/div>[vc_empty_space height=&#8221;20px&#8221;]<div class=\"subtitulo featurebox31 pofo-featurebox featurebox31-3\" ><div class=\"text-light-gray margin-10px-bottom sm-margin-5px-bottom alt-font\"><span class=\"text-deep-pink margin-15px-right pull-left text-large xs-display-block xs-margin-lr-auto xs-width-100\" style=\"color:#eb5f2e; font-size:28px; line-height:33px; \">03<\/span><span class=\"text-extra-dark-gray \" style=\"font-size: 28px; line-height: 35px; color: #acacac;\" data-fontsize=\"28px\" data-lineheight=\"35px\">Water<\/span><\/div><\/div>[vc_empty_space height=&#8221;20px&#8221;]<div class=\"subtitulo featurebox31 pofo-featurebox featurebox31-4\" ><div class=\"text-light-gray margin-10px-bottom sm-margin-5px-bottom alt-font\"><span class=\"text-deep-pink margin-15px-right pull-left text-large xs-display-block xs-margin-lr-auto xs-width-100\" style=\"color:#eb5f2e; font-size:28px; line-height:33px; \">04<\/span><span class=\"text-extra-dark-gray \" style=\"font-size: 28px; line-height: 35px; color: #acacac;\" data-fontsize=\"28px\" data-lineheight=\"35px\">Milk<\/span><\/div><\/div>[vc_empty_space height=&#8221;20px&#8221;]<\/div><\/div><\/div><div class=\"wpb_column vc_column_container vc_col-has-fill vc_col-sm-5  col-xs-mobile-fullwidth wow fadeInRight\"><div class=\"vc_column-inner vc_custom_1685599618043\"><div class=\"wpb_wrapper\">[vc_empty_space height=&#8221;20px&#8221;]<div class=\"subtitulo featurebox31 pofo-featurebox featurebox31-5\" ><div class=\"text-light-gray margin-10px-bottom sm-margin-5px-bottom alt-font\"><span class=\"text-deep-pink margin-15px-right pull-left text-large xs-display-block xs-margin-lr-auto xs-width-100\" style=\"color:#eb5f2e; font-size:28px; line-height:33px; \">05<\/span><span class=\"text-extra-dark-gray \" style=\"font-size: 28px; line-height: 35px; color: #acacac;\" data-fontsize=\"28px\" data-lineheight=\"35px\">Grain<\/span><\/div><\/div>[vc_empty_space height=&#8221;20px&#8221;]<div class=\"subtitulo featurebox31 pofo-featurebox featurebox31-6\" ><div class=\"text-light-gray margin-10px-bottom sm-margin-5px-bottom alt-font\"><span class=\"text-deep-pink margin-15px-right pull-left text-large xs-display-block xs-margin-lr-auto xs-width-100\" style=\"color:#eb5f2e; font-size:28px; line-height:33px; \">06<\/span><span class=\"text-extra-dark-gray \" style=\"font-size: 28px; line-height: 35px; color: #acacac;\" data-fontsize=\"28px\" data-lineheight=\"35px\">Municipal waste<\/span><\/div><\/div>[vc_empty_space height=&#8221;20px&#8221;]<div class=\"subtitulo featurebox31 pofo-featurebox featurebox31-7\" ><div class=\"text-light-gray margin-10px-bottom sm-margin-5px-bottom alt-font\"><span class=\"text-deep-pink margin-15px-right pull-left text-large xs-display-block xs-margin-lr-auto xs-width-100\" style=\"color:#eb5f2e; font-size:28px; line-height:33px; \">07<\/span><span class=\"text-extra-dark-gray \" style=\"font-size: 28px; line-height: 35px; color: #acacac;\" data-fontsize=\"28px\" data-lineheight=\"35px\">Diesel<\/span><\/div><\/div>[vc_empty_space height=&#8221;20px&#8221;]<div class=\"subtitulo featurebox31 pofo-featurebox featurebox31-8\" ><div class=\"text-light-gray margin-10px-bottom sm-margin-5px-bottom alt-font\"><span class=\"text-deep-pink margin-15px-right pull-left text-large xs-display-block xs-margin-lr-auto xs-width-100\" style=\"color:#eb5f2e; font-size:28px; line-height:33px; \">08<\/span><span class=\"text-extra-dark-gray \" style=\"font-size: 28px; line-height: 35px; color: #acacac;\" data-fontsize=\"28px\" data-lineheight=\"35px\">Chemicals<\/span><\/div><\/div>[vc_empty_space height=&#8221;20px&#8221;]<\/div><\/div><\/div><div class=\"wpb_column vc_column_container vc_col-sm-1  col-xs-mobile-fullwidth\"><div class=\"vc_column-inner \"><div class=\"wpb_wrapper\"><\/div><\/div><\/div><\/section><div class=\"vc_row-full-width vc_clearfix\"><\/div>\n","protected":false},"excerpt":{"rendered":"We help you find the solution you needWe doeasycompressibleaccessibletechnological solutionsWE WORK WITH YOU[vc_empty_space height=\"20px\"]01Location[vc_empty_space height=\"20px\"]02Predictive maintenance[vc_empty_space height=\"20px\"]03Water[vc_empty_space height=\"20px\"]04Milk[vc_empty_space height=\"20px\"][vc_empty_space height=\"20px\"]05Grain[vc_empty_space height=\"20px\"]06Municipal waste[vc_empty_space height=\"20px\"]07Diesel[vc_empty_space height=\"20px\"]08Chemicals[vc_empty_space height=\"20px\"]","protected":false},"author":3,"featured_media":26740,"parent":0,"menu_order":0,"comment_status":"closed","ping_status":"closed","template":"","meta":{"footnotes":""},"class_list":["post-27313","page","type-page","status-publish","has-post-thumbnail","hentry"],"yoast_head":"<!-- This site is optimized with the Yoast SEO plugin v19.12 - https:\/\/yoast.com\/wordpress\/plugins\/seo\/ -->\n<title>Solutions \u00b7 Desde 2007 haciendo realidad el IoT \u00b7 TST<\/title>\n<meta name=\"description\" content=\"TST es una ingenier\u00eda de dise\u00f1o de producto IoT. Tiene capacidad de fabricaci\u00f3n e industrializaci\u00f3n y desde 2007 ofrece soluciones IoT.\" \/>\n<meta name=\"robots\" content=\"index, follow, max-snippet:-1, max-image-preview:large, max-video-preview:-1\" \/>\n<link rel=\"canonical\" href=\"https:\/\/tst-sistemas.com\/en\/solutions\/\" \/>\n<meta property=\"og:locale\" content=\"en_US\" \/>\n<meta property=\"og:type\" content=\"article\" \/>\n<meta property=\"og:title\" content=\"Solutions \u00b7 Desde 2007 haciendo realidad el IoT \u00b7 TST\" \/>\n<meta property=\"og:description\" content=\"TST es una ingenier\u00eda de dise\u00f1o de producto IoT. Tiene capacidad de fabricaci\u00f3n e industrializaci\u00f3n y desde 2007 ofrece soluciones IoT.\" \/>\n<meta property=\"og:url\" content=\"https:\/\/tst-sistemas.com\/en\/solutions\/\" \/>\n<meta property=\"og:site_name\" content=\"TST\" \/>\n<meta property=\"article:modified_time\" content=\"2023-11-14T11:10:30+00:00\" \/>\n<meta property=\"og:image\" content=\"https:\/\/tst-sistemas.com\/wp-content\/uploads\/2021\/06\/tst.jpg\" \/>\n\t<meta property=\"og:image:width\" content=\"1920\" \/>\n\t<meta property=\"og:image:height\" content=\"1100\" \/>\n\t<meta property=\"og:image:type\" content=\"image\/jpeg\" \/>\n<meta name=\"twitter:card\" content=\"summary_large_image\" \/>\n<meta name=\"twitter:image\" content=\"https:\/\/tst-sistemas.com\/wp-content\/uploads\/2021\/06\/tst.jpg\" \/>\n<meta name=\"twitter:site\" content=\"@tstsistemas\" \/>\n<meta name=\"twitter:label1\" content=\"Est. reading time\" \/>\n\t<meta name=\"twitter:data1\" content=\"5 minutes\" \/>\n<script type=\"application\/ld+json\" class=\"yoast-schema-graph\">{\"@context\":\"https:\/\/schema.org\",\"@graph\":[{\"@type\":\"WebPage\",\"@id\":\"https:\/\/tst-sistemas.com\/en\/solutions\/\",\"url\":\"https:\/\/tst-sistemas.com\/en\/solutions\/\",\"name\":\"Solutions \u00b7 Desde 2007 haciendo realidad el IoT \u00b7 TST\",\"isPartOf\":{\"@id\":\"https:\/\/tst-sistemas.com\/#website\"},\"datePublished\":\"2023-05-31T10:44:49+00:00\",\"dateModified\":\"2023-11-14T11:10:30+00:00\",\"description\":\"TST es una ingenier\u00eda de dise\u00f1o de producto IoT. Tiene capacidad de fabricaci\u00f3n e industrializaci\u00f3n y desde 2007 ofrece soluciones IoT.\",\"breadcrumb\":{\"@id\":\"https:\/\/tst-sistemas.com\/en\/solutions\/#breadcrumb\"},\"inLanguage\":\"en-US\",\"potentialAction\":[{\"@type\":\"ReadAction\",\"target\":[\"https:\/\/tst-sistemas.com\/en\/solutions\/\"]}]},{\"@type\":\"BreadcrumbList\",\"@id\":\"https:\/\/tst-sistemas.com\/en\/solutions\/#breadcrumb\",\"itemListElement\":[{\"@type\":\"ListItem\",\"position\":1,\"name\":\"Portada\",\"item\":\"https:\/\/tst-sistemas.com\/en\/\"},{\"@type\":\"ListItem\",\"position\":2,\"name\":\"Solutions\"}]},{\"@type\":\"WebSite\",\"@id\":\"https:\/\/tst-sistemas.com\/#website\",\"url\":\"https:\/\/tst-sistemas.com\/\",\"name\":\"TST\",\"description\":\"IoT solutions\",\"publisher\":{\"@id\":\"https:\/\/tst-sistemas.com\/#organization\"},\"potentialAction\":[{\"@type\":\"SearchAction\",\"target\":{\"@type\":\"EntryPoint\",\"urlTemplate\":\"https:\/\/tst-sistemas.com\/?s={search_term_string}\"},\"query-input\":\"required name=search_term_string\"}],\"inLanguage\":\"en-US\"},{\"@type\":\"Organization\",\"@id\":\"https:\/\/tst-sistemas.com\/#organization\",\"name\":\"TST Sistemas\",\"url\":\"https:\/\/tst-sistemas.com\/\",\"logo\":{\"@type\":\"ImageObject\",\"inLanguage\":\"en-US\",\"@id\":\"https:\/\/tst-sistemas.com\/#\/schema\/logo\/image\/\",\"url\":\"http:\/\/tst-sistemas.com\/wp-content\/uploads\/2021\/04\/logo_TST.png\",\"contentUrl\":\"http:\/\/tst-sistemas.com\/wp-content\/uploads\/2021\/04\/logo_TST.png\",\"width\":1130,\"height\":441,\"caption\":\"TST Sistemas\"},\"image\":{\"@id\":\"https:\/\/tst-sistemas.com\/#\/schema\/logo\/image\/\"},\"sameAs\":[\"https:\/\/www.instagram.com\/tstsistemas\/\",\"https:\/\/www.linkedin.com\/company\/tst\/\",\"https:\/\/twitter.com\/tstsistemas\"]}]}<\/script>\n<!-- \/ Yoast SEO plugin. -->","yoast_head_json":{"title":"Solutions \u00b7 Desde 2007 haciendo realidad el IoT \u00b7 TST","description":"TST es una ingenier\u00eda de dise\u00f1o de producto IoT. Tiene capacidad de fabricaci\u00f3n e industrializaci\u00f3n y desde 2007 ofrece soluciones IoT.","robots":{"index":"index","follow":"follow","max-snippet":"max-snippet:-1","max-image-preview":"max-image-preview:large","max-video-preview":"max-video-preview:-1"},"canonical":"https:\/\/tst-sistemas.com\/en\/solutions\/","og_locale":"en_US","og_type":"article","og_title":"Solutions \u00b7 Desde 2007 haciendo realidad el IoT \u00b7 TST","og_description":"TST es una ingenier\u00eda de dise\u00f1o de producto IoT. Tiene capacidad de fabricaci\u00f3n e industrializaci\u00f3n y desde 2007 ofrece soluciones IoT.","og_url":"https:\/\/tst-sistemas.com\/en\/solutions\/","og_site_name":"TST","article_modified_time":"2023-11-14T11:10:30+00:00","og_image":[{"width":1920,"height":1100,"url":"https:\/\/tst-sistemas.com\/wp-content\/uploads\/2021\/06\/tst.jpg","type":"image\/jpeg"}],"twitter_card":"summary_large_image","twitter_image":"https:\/\/tst-sistemas.com\/wp-content\/uploads\/2021\/06\/tst.jpg","twitter_site":"@tstsistemas","twitter_misc":{"Est. reading time":"5 minutes"},"schema":{"@context":"https:\/\/schema.org","@graph":[{"@type":"WebPage","@id":"https:\/\/tst-sistemas.com\/en\/solutions\/","url":"https:\/\/tst-sistemas.com\/en\/solutions\/","name":"Solutions \u00b7 Desde 2007 haciendo realidad el IoT \u00b7 TST","isPartOf":{"@id":"https:\/\/tst-sistemas.com\/#website"},"datePublished":"2023-05-31T10:44:49+00:00","dateModified":"2023-11-14T11:10:30+00:00","description":"TST es una ingenier\u00eda de dise\u00f1o de producto IoT. Tiene capacidad de fabricaci\u00f3n e industrializaci\u00f3n y desde 2007 ofrece soluciones IoT.","breadcrumb":{"@id":"https:\/\/tst-sistemas.com\/en\/solutions\/#breadcrumb"},"inLanguage":"en-US","potentialAction":[{"@type":"ReadAction","target":["https:\/\/tst-sistemas.com\/en\/solutions\/"]}]},{"@type":"BreadcrumbList","@id":"https:\/\/tst-sistemas.com\/en\/solutions\/#breadcrumb","itemListElement":[{"@type":"ListItem","position":1,"name":"Portada","item":"https:\/\/tst-sistemas.com\/en\/"},{"@type":"ListItem","position":2,"name":"Solutions"}]},{"@type":"WebSite","@id":"https:\/\/tst-sistemas.com\/#website","url":"https:\/\/tst-sistemas.com\/","name":"TST","description":"IoT solutions","publisher":{"@id":"https:\/\/tst-sistemas.com\/#organization"},"potentialAction":[{"@type":"SearchAction","target":{"@type":"EntryPoint","urlTemplate":"https:\/\/tst-sistemas.com\/?s={search_term_string}"},"query-input":"required name=search_term_string"}],"inLanguage":"en-US"},{"@type":"Organization","@id":"https:\/\/tst-sistemas.com\/#organization","name":"TST Sistemas","url":"https:\/\/tst-sistemas.com\/","logo":{"@type":"ImageObject","inLanguage":"en-US","@id":"https:\/\/tst-sistemas.com\/#\/schema\/logo\/image\/","url":"http:\/\/tst-sistemas.com\/wp-content\/uploads\/2021\/04\/logo_TST.png","contentUrl":"http:\/\/tst-sistemas.com\/wp-content\/uploads\/2021\/04\/logo_TST.png","width":1130,"height":441,"caption":"TST Sistemas"},"image":{"@id":"https:\/\/tst-sistemas.com\/#\/schema\/logo\/image\/"},"sameAs":["https:\/\/www.instagram.com\/tstsistemas\/","https:\/\/www.linkedin.com\/company\/tst\/","https:\/\/twitter.com\/tstsistemas"]}]}},"_links":{"self":[{"href":"https:\/\/tst-sistemas.com\/en\/wp-json\/wp\/v2\/pages\/27313","targetHints":{"allow":["GET"]}}],"collection":[{"href":"https:\/\/tst-sistemas.com\/en\/wp-json\/wp\/v2\/pages"}],"about":[{"href":"https:\/\/tst-sistemas.com\/en\/wp-json\/wp\/v2\/types\/page"}],"author":[{"embeddable":true,"href":"https:\/\/tst-sistemas.com\/en\/wp-json\/wp\/v2\/users\/3"}],"replies":[{"embeddable":true,"href":"https:\/\/tst-sistemas.com\/en\/wp-json\/wp\/v2\/comments?post=27313"}],"version-history":[{"count":17,"href":"https:\/\/tst-sistemas.com\/en\/wp-json\/wp\/v2\/pages\/27313\/revisions"}],"predecessor-version":[{"id":27381,"href":"https:\/\/tst-sistemas.com\/en\/wp-json\/wp\/v2\/pages\/27313\/revisions\/27381"}],"wp:featuredmedia":[{"embeddable":true,"href":"https:\/\/tst-sistemas.com\/en\/wp-json\/wp\/v2\/media\/26740"}],"wp:attachment":[{"href":"https:\/\/tst-sistemas.com\/en\/wp-json\/wp\/v2\/media?parent=27313"}],"curies":[{"name":"wp","href":"https:\/\/api.w.org\/{rel}","templated":true}]}}