{"id":27640,"date":"2023-08-25T09:36:12","date_gmt":"2023-08-25T09:36:12","guid":{"rendered":"https:\/\/tst-sistemas.com\/?page_id=27640"},"modified":"2023-11-14T10:54:47","modified_gmt":"2023-11-14T10:54:47","slug":"commitment-to-transparency","status":"publish","type":"page","link":"https:\/\/tst-sistemas.com\/en\/commitment-to-transparency\/","title":{"rendered":"Commitment to transparency"},"content":{"rendered":"<section id=\"slider\" data-vc-full-width=\"true\" data-vc-full-width-init=\"false\" data-vc-stretch-content=\"true\" class=\"vc_row wpb_row vc_row-fluid  vc_custom_1686228877530 vc_row-has-fill pofo-stretch-content vc_row-no-padding vc_row-o-full-height vc_row-o-columns-bottom vc_row-o-content-bottom vc_row-flex\"><div class=\"wpb_column vc_column_container vc_col-has-fill vc_col-sm-12  col-xs-mobile-fullwidth text-left\"><div class=\"vc_column-inner vc_custom_1685555548232\"><div class=\"wpb_wrapper\"><span class=\"text-extra-dark-gray margin-20px-bottom font-weight-600 titulo display-block alt-font heading-style2  vc_custom_1699959270891  heading-1\"  style=\"font-size: 45px; line-height: 45px; color: #acacac;\" data-fontsize=\"45px\" data-lineheight=\"45px\">Commitment<\/span><span class=\"text-extra-dark-gray margin-20px-bottom font-weight-600 subtitulo display-block alt-font heading-style2  vc_custom_1699959277455  heading-2\"  style=\"font-size: 70px; line-height: 50px; color: #eb5f2e;\" data-fontsize=\"70px\" data-lineheight=\"50px\">to transparency<\/span><\/div><\/div><\/div><\/section><div class=\"vc_row-full-width vc_clearfix\"><\/div><section class=\"vc_row wpb_row vc_row-fluid\"><div class=\"wpb_column vc_column_container vc_col-sm-12  col-xs-mobile-fullwidth\"><div class=\"vc_column-inner \"><div class=\"wpb_wrapper\"><div class=\"last-paragraph-no-margin\"><div class=\"ui-box ig ap ih ii ui-chat__item__message\">\n<div class=\"fui-Primitive\" data-testid=\"message-wrapper\">\n<div class=\"fui-Primitive ___lo9c9a0 f1tyq0we fdoddrk\">\n<div id=\"message-body-1692951565737\" class=\"ms-FocusZone ui-chat__message im in io ap ip iq ir is it iu iv iw ix iy iz ja jb jc jd je jf jg jh ji jj jk jl jm jn jo jp jq jr js jt ju jv jw jx jy jz ka kb kc kd ke kf kg kh ki kj kk kl km kn ko kp kq kr ks kt ku kv kw kx ky kz la lb lc ld le lf lg eo ep eq er lh li lj lk ll lm ln lo lp lq lr ls lt lu lv lw lx ly lz ma mb mc ui-animation ij ik il focused\" tabindex=\"0\" role=\"group\" data-is-focusable=\"true\" aria-labelledby=\"importance-1692951565737 badge-1692951565737 read-status-icon-1692951565737 content-1692951565737 author-1692951565737 attachments-1692951565737 timestamp-1692951565737 edited-1692951565737\" data-last-visible=\"true\" data-mid=\"1692951565737\" data-tid=\"chat-pane-message\" data-tabster=\"{&quot;observed&quot;:{&quot;names&quot;:&#091;&quot;message-pane&quot;,&quot;message-pane-latest&quot;&#093;},&quot;uncontrolled&quot;:{}}\" data-focuszone-id=\"FocusZone42\">\n<div id=\"content-1692951565737\" class=\"ui-chat__messagecontent mf mj mk ml mm mn mo mm mp mq mr ms mt mu mv mw mx my mz na nb nc nd ne nf ng nh ni nj nk nl nm nn no np nq nr ns nt nu nv nw nx ny nz oa ob oc od oe of og oh oi oj ok ol om on oo op oq or os ot ou ov ow ox oy oz pa pb pc pd pe pf pg ph pi pj pk pl pm pn po pp pq pr ps pt pu pv pw px py pz qa qb qc qd qe qf qg qh qi qj qk ql qm qn qo qp qq qr qs qt qu qv qw qx qy qz ra rb rc rd re rf rg rh ri rj rk rl rm rn ro rp rq rr rs rt ru rv rw rx ry rz sa sb sc sd se sf sg sh si sj sk sl sm sn so sp sq sr ss st su sv sw sx sy sz ta tb tc td te tf tg th ti tj tk tl tm tn to tp tq tr ts tt tu tv tw tx ty tz ua ub uc ud ue uf cs ug uh ui uj uk ul um un uo cz\" dir=\"auto\" aria-label=\"Los \u00f3rganos de administraci\u00f3n, gesti\u00f3n y\u00a0direcci\u00f3n de la empresa, representada por Francisco Jos\u00e9 Alcal\u00e1 Gal\u00e1n, en su conjunto, recibieron retribuciones anuales e indemnizaciones por un importe total de 204.523,08\u00a0euros en el ejercicio del a\u00f1o 2022.\">\n<p>The administration, management and management bodies of the company, represented by Francisco Jos\u00e9 Alcal\u00e1 Gal\u00e1n, as a whole, received annual remuneration and compensation for a total amount of 204,523.08 euros in the year 2022.<\/p>\n<\/div>\n<div class=\"ui-chat__messagereadstatus vz cq dp wa wb wc wd we wf wg wh wi wj wk wl wm wn wo wp wq wr ws\"><\/div>\n<\/div>\n<\/div>\n<\/div>\n<\/div>\n<div class=\"fui-Primitive vl-buffer ___128agbb f1hu3pq6 f1ujusj6 f19f4twv fcgxt0o f15lhq9l f1sd6k67 f32mlsk\" data-testid=\"vl-placeholders\"><\/div>\n<div class=\"fui-Primitive ___5iyjhn0 f1euv43f f8ovrd7 f1yab3r1 f1vgc2s3 f1e31b4d f19g0ac\" data-testid=\"virtual-list-loader\"><\/div>\n<\/div><\/div><\/div><\/div><\/section>\n","protected":false},"excerpt":{"rendered":"Commitmentto transparency The administration, management and management bodies of the company, represented by Francisco Jos\u00e9 Alcal\u00e1 Gal\u00e1n, as a whole, received annual remuneration and compensation for a total amount of 204,523.08 euros in the year 2022.","protected":false},"author":1,"featured_media":0,"parent":0,"menu_order":0,"comment_status":"closed","ping_status":"closed","template":"","meta":{"footnotes":""},"class_list":["post-27640","page","type-page","status-publish","hentry"],"yoast_head":"<!-- This site is optimized with the Yoast SEO plugin v19.12 - https:\/\/yoast.com\/wordpress\/plugins\/seo\/ -->\n<title>Commitment to transparency &middot; TST<\/title>\n<meta name=\"robots\" content=\"index, follow, max-snippet:-1, max-image-preview:large, max-video-preview:-1\" \/>\n<link rel=\"canonical\" href=\"https:\/\/tst-sistemas.com\/en\/commitment-to-transparency\/\" \/>\n<meta property=\"og:locale\" content=\"en_US\" \/>\n<meta property=\"og:type\" content=\"article\" \/>\n<meta property=\"og:title\" content=\"Commitment to transparency &middot; TST\" \/>\n<meta property=\"og:url\" content=\"https:\/\/tst-sistemas.com\/en\/commitment-to-transparency\/\" \/>\n<meta property=\"og:site_name\" content=\"TST\" \/>\n<meta property=\"article:modified_time\" content=\"2023-11-14T10:54:47+00:00\" \/>\n<meta name=\"twitter:card\" content=\"summary_large_image\" \/>\n<meta name=\"twitter:site\" content=\"@tstsistemas\" \/>\n<meta name=\"twitter:label1\" content=\"Est. reading time\" \/>\n\t<meta name=\"twitter:data1\" content=\"1 minute\" \/>\n<script type=\"application\/ld+json\" class=\"yoast-schema-graph\">{\"@context\":\"https:\/\/schema.org\",\"@graph\":[{\"@type\":\"WebPage\",\"@id\":\"https:\/\/tst-sistemas.com\/en\/commitment-to-transparency\/\",\"url\":\"https:\/\/tst-sistemas.com\/en\/commitment-to-transparency\/\",\"name\":\"Commitment to transparency &middot; TST\",\"isPartOf\":{\"@id\":\"https:\/\/tst-sistemas.com\/#website\"},\"datePublished\":\"2023-08-25T09:36:12+00:00\",\"dateModified\":\"2023-11-14T10:54:47+00:00\",\"breadcrumb\":{\"@id\":\"https:\/\/tst-sistemas.com\/en\/commitment-to-transparency\/#breadcrumb\"},\"inLanguage\":\"en-US\",\"potentialAction\":[{\"@type\":\"ReadAction\",\"target\":[\"https:\/\/tst-sistemas.com\/en\/commitment-to-transparency\/\"]}]},{\"@type\":\"BreadcrumbList\",\"@id\":\"https:\/\/tst-sistemas.com\/en\/commitment-to-transparency\/#breadcrumb\",\"itemListElement\":[{\"@type\":\"ListItem\",\"position\":1,\"name\":\"Portada\",\"item\":\"https:\/\/tst-sistemas.com\/en\/\"},{\"@type\":\"ListItem\",\"position\":2,\"name\":\"Commitment to transparency\"}]},{\"@type\":\"WebSite\",\"@id\":\"https:\/\/tst-sistemas.com\/#website\",\"url\":\"https:\/\/tst-sistemas.com\/\",\"name\":\"TST\",\"description\":\"IoT solutions\",\"publisher\":{\"@id\":\"https:\/\/tst-sistemas.com\/#organization\"},\"potentialAction\":[{\"@type\":\"SearchAction\",\"target\":{\"@type\":\"EntryPoint\",\"urlTemplate\":\"https:\/\/tst-sistemas.com\/?s={search_term_string}\"},\"query-input\":\"required name=search_term_string\"}],\"inLanguage\":\"en-US\"},{\"@type\":\"Organization\",\"@id\":\"https:\/\/tst-sistemas.com\/#organization\",\"name\":\"TST Sistemas\",\"url\":\"https:\/\/tst-sistemas.com\/\",\"logo\":{\"@type\":\"ImageObject\",\"inLanguage\":\"en-US\",\"@id\":\"https:\/\/tst-sistemas.com\/#\/schema\/logo\/image\/\",\"url\":\"http:\/\/tst-sistemas.com\/wp-content\/uploads\/2021\/04\/logo_TST.png\",\"contentUrl\":\"http:\/\/tst-sistemas.com\/wp-content\/uploads\/2021\/04\/logo_TST.png\",\"width\":1130,\"height\":441,\"caption\":\"TST Sistemas\"},\"image\":{\"@id\":\"https:\/\/tst-sistemas.com\/#\/schema\/logo\/image\/\"},\"sameAs\":[\"https:\/\/www.instagram.com\/tstsistemas\/\",\"https:\/\/www.linkedin.com\/company\/tst\/\",\"https:\/\/twitter.com\/tstsistemas\"]}]}<\/script>\n<!-- \/ Yoast SEO plugin. -->","yoast_head_json":{"title":"Commitment to transparency &middot; TST","robots":{"index":"index","follow":"follow","max-snippet":"max-snippet:-1","max-image-preview":"max-image-preview:large","max-video-preview":"max-video-preview:-1"},"canonical":"https:\/\/tst-sistemas.com\/en\/commitment-to-transparency\/","og_locale":"en_US","og_type":"article","og_title":"Commitment to transparency &middot; TST","og_url":"https:\/\/tst-sistemas.com\/en\/commitment-to-transparency\/","og_site_name":"TST","article_modified_time":"2023-11-14T10:54:47+00:00","twitter_card":"summary_large_image","twitter_site":"@tstsistemas","twitter_misc":{"Est. reading time":"1 minute"},"schema":{"@context":"https:\/\/schema.org","@graph":[{"@type":"WebPage","@id":"https:\/\/tst-sistemas.com\/en\/commitment-to-transparency\/","url":"https:\/\/tst-sistemas.com\/en\/commitment-to-transparency\/","name":"Commitment to transparency &middot; TST","isPartOf":{"@id":"https:\/\/tst-sistemas.com\/#website"},"datePublished":"2023-08-25T09:36:12+00:00","dateModified":"2023-11-14T10:54:47+00:00","breadcrumb":{"@id":"https:\/\/tst-sistemas.com\/en\/commitment-to-transparency\/#breadcrumb"},"inLanguage":"en-US","potentialAction":[{"@type":"ReadAction","target":["https:\/\/tst-sistemas.com\/en\/commitment-to-transparency\/"]}]},{"@type":"BreadcrumbList","@id":"https:\/\/tst-sistemas.com\/en\/commitment-to-transparency\/#breadcrumb","itemListElement":[{"@type":"ListItem","position":1,"name":"Portada","item":"https:\/\/tst-sistemas.com\/en\/"},{"@type":"ListItem","position":2,"name":"Commitment to transparency"}]},{"@type":"WebSite","@id":"https:\/\/tst-sistemas.com\/#website","url":"https:\/\/tst-sistemas.com\/","name":"TST","description":"IoT solutions","publisher":{"@id":"https:\/\/tst-sistemas.com\/#organization"},"potentialAction":[{"@type":"SearchAction","target":{"@type":"EntryPoint","urlTemplate":"https:\/\/tst-sistemas.com\/?s={search_term_string}"},"query-input":"required name=search_term_string"}],"inLanguage":"en-US"},{"@type":"Organization","@id":"https:\/\/tst-sistemas.com\/#organization","name":"TST Sistemas","url":"https:\/\/tst-sistemas.com\/","logo":{"@type":"ImageObject","inLanguage":"en-US","@id":"https:\/\/tst-sistemas.com\/#\/schema\/logo\/image\/","url":"http:\/\/tst-sistemas.com\/wp-content\/uploads\/2021\/04\/logo_TST.png","contentUrl":"http:\/\/tst-sistemas.com\/wp-content\/uploads\/2021\/04\/logo_TST.png","width":1130,"height":441,"caption":"TST Sistemas"},"image":{"@id":"https:\/\/tst-sistemas.com\/#\/schema\/logo\/image\/"},"sameAs":["https:\/\/www.instagram.com\/tstsistemas\/","https:\/\/www.linkedin.com\/company\/tst\/","https:\/\/twitter.com\/tstsistemas"]}]}},"_links":{"self":[{"href":"https:\/\/tst-sistemas.com\/en\/wp-json\/wp\/v2\/pages\/27640","targetHints":{"allow":["GET"]}}],"collection":[{"href":"https:\/\/tst-sistemas.com\/en\/wp-json\/wp\/v2\/pages"}],"about":[{"href":"https:\/\/tst-sistemas.com\/en\/wp-json\/wp\/v2\/types\/page"}],"author":[{"embeddable":true,"href":"https:\/\/tst-sistemas.com\/en\/wp-json\/wp\/v2\/users\/1"}],"replies":[{"embeddable":true,"href":"https:\/\/tst-sistemas.com\/en\/wp-json\/wp\/v2\/comments?post=27640"}],"version-history":[{"count":4,"href":"https:\/\/tst-sistemas.com\/en\/wp-json\/wp\/v2\/pages\/27640\/revisions"}],"predecessor-version":[{"id":27734,"href":"https:\/\/tst-sistemas.com\/en\/wp-json\/wp\/v2\/pages\/27640\/revisions\/27734"}],"wp:attachment":[{"href":"https:\/\/tst-sistemas.com\/en\/wp-json\/wp\/v2\/media?parent=27640"}],"curies":[{"name":"wp","href":"https:\/\/api.w.org\/{rel}","templated":true}]}}